{"id":34,"date":"2017-07-04T08:11:54","date_gmt":"2017-07-04T05:11:54","guid":{"rendered":"http:\/\/prodent.ancorathemes.com\/?page_id=34"},"modified":"2022-01-25T10:24:33","modified_gmt":"2022-01-25T07:24:33","slug":"about-us","status":"publish","type":"page","link":"https:\/\/klinikarti.com\/ru\/about-us\/","title":{"rendered":"\u041e \u043d\u0430\u0441"},"content":{"rendered":"<p>[vc_row full_width=&#8221;stretch_row_content_no_spaces&#8221; equal_height=&#8221;yes&#8221; hide_bg_image_on_tablet=&#8221;&#8221; hide_bg_image_on_mobile=&#8221;&#8221; css=&#8221;.vc_custom_1580676729707{margin-top: 100px !important;}&#8221;][vc_column width=&#8221;5\/12&#8243; hide_bg_image_on_tablet=&#8221;&#8221; hide_bg_image_on_mobile=&#8221;&#8221; css=&#8221;.vc_custom_1580676633644{background-image: url(https:\/\/klinikarti.com\/ru\/wp-content\/uploads\/2020\/02\/klinikarti-banner-_0003_3.jpg?id=1346) !important;background-position: center !important;background-repeat: no-repeat !important;background-size: cover !important;}&#8221; offset=&#8221;vc_hidden-xs&#8221;][\/vc_column][vc_column width=&#8221;1\/2&#8243; offset=&#8221;vc_col-md-7 vc_col-sm-offset-0 vc_col-xs-offset-1 vc_col-xs-10&#8243;]<div id=\"sc_content_1560586571\"\n\t\tclass=\"sc_content color_style_default sc_content_default sc_float_left sc_shift_x_large\"><div class=\"sc_content_container\">[vc_empty_space alter_height=&#8221;medium&#8221; hide_on_desktop=&#8221;&#8221; hide_on_notebook=&#8221;&#8221; hide_on_tablet=&#8221;&#8221; hide_on_mobile=&#8221;&#8221; css=&#8221;.vc_custom_1505229084692{margin-top: -0.25rem !important;}&#8221;][vc_empty_space alter_height=&#8221;huge&#8221; hide_on_desktop=&#8221;&#8221; hide_on_notebook=&#8221;&#8221; hide_on_tablet=&#8221;&#8221; hide_on_mobile=&#8221;&#8221;]<div id=\"sc_title_326596444\"\n\t\tclass=\"sc_title color_style_default sc_title_default\"><h6 class=\"sc_item_subtitle sc_title_subtitle sc_align_left sc_item_title_style_default\">\u041e \u043d\u0430\u0441<\/h6><\/div><!-- \/.sc_title -->[vc_empty_space hide_on_desktop=&#8221;&#8221; hide_on_notebook=&#8221;&#8221; hide_on_tablet=&#8221;&#8221; hide_on_mobile=&#8221;&#8221; css=&#8221;.vc_custom_1505229134124{margin-top: 0.5rem !important;}&#8221;]<div id=\"sc_title_728307622\"\n\t\tclass=\"sc_title color_style_default sc_title_default\"><h3 class=\"sc_item_title sc_title_title sc_align_left sc_item_title_style_default\">\u0414\u043e\u0431\u0440\u043e \u043f\u043e\u0436\u0430\u043b\u043e\u0432\u0430\u0442\u044c \u0432 \u0441\u0442\u043e\u043c\u0430\u0442\u043e\u043b\u043e\u0433\u0438\u0447\u0435\u0441\u043a\u0443\u044e \u043a\u043b\u0438\u043d\u0438\u043a\u0443 \u041a\u043b\u0438\u043d\u0438\u043a\u0430 \u041f\u043b\u044e\u0441!<\/h3><div class=\"sc_item_descr sc_title_descr sc_align_left\"><p>\u041f\u043e\u043b\u0438\u043a\u043b\u0438\u043d\u0438\u043a\u0430 \u0433\u0438\u0433\u0438\u0435\u043d\u044b \u0438 \u0437\u0434\u043e\u0440\u043e\u0432\u044c\u044f \u043f\u043e\u043b\u043e\u0441\u0442\u0438 \u0440\u0442\u0430 \u0438 \u0437\u0443\u0431\u043e\u0432 \u00abKlinik Art\u0131\u00bb \u043d\u043e\u0432\u0443\u044e \u043a\u043e\u043d\u0446\u0435\u043f\u0446\u0438\u044e \u0441\u0442\u043e\u043c\u0430\u0442\u043e\u043b\u043e\u0433\u0438\u0447\u0435\u0441\u043a\u043e\u0433\u043e \u0446\u0435\u043d\u0442\u0440\u0430 \u0433\u0438\u0433\u0438\u0435\u043d\u044b \u043f\u043e\u043b\u043e\u0441\u0442\u0438 \u0440\u0442\u0430 \u0438 \u0437\u0434\u043e\u0440\u043e\u0432\u044c\u044f \u0432 \u0421\u0435\u0444\u0430\u043a\u0451\u0439, \u0421\u0442\u0430\u043c\u0431\u0443\u043b. \u00abKlinik Art\u0131\u00bb \u0441 \u043e\u0442\u0434\u0435\u043b\u0435\u043d\u0438\u044f\u043c\u0438 \u0438\u043c\u043f\u043b\u0430\u043d\u0442\u043e\u043b\u043e\u0433\u0438\u0438, \u043e\u0440\u0442\u043e\u0434\u043e\u043d\u0442\u0438\u0438, \u043f\u0435\u0434\u043e\u0434\u043e\u043d\u0442\u0438\u0438 (\u0434\u0435\u0442\u0441\u043a\u0430\u044f \u0441\u0442\u043e\u043c\u0430\u0442\u043e\u043b\u043e\u0433\u0438\u044f), \u043f\u0430\u0440\u043e\u0434\u043e\u043d\u0442\u043e\u043b\u043e\u0433\u0438\u0438, \u043f\u0440\u043e\u0442\u0435\u0437\u0438\u0440\u043e\u0432\u0430\u043d\u0438\u044f, \u044d\u0441\u0442\u0435\u0442\u0438\u0447\u0435\u0441\u043a\u043e\u0439 \u0441\u0442\u043e\u043c\u0430\u0442\u043e\u043b\u043e\u0433\u0438\u0438 \u0438 \u044d\u043d\u0434\u043e\u0434\u043e\u043d\u0442\u0438\u0438 (\u043b\u0435\u0447\u0435\u043d\u0438\u0435 \u043a\u0430\u043d\u0430\u043b\u043e\u0432) \u0441\u043e \u0441\u0432\u043e\u0438\u043c \u0448\u0442\u0430\u0442\u043e\u043c \u043e\u043f\u044b\u0442\u043d\u044b\u0445 \u0441\u043f\u0435\u0446\u0438\u0430\u043b\u0438\u0441\u0442\u043e\u0432-\u0441\u0442\u043e\u043c\u0430\u0442\u043e\u043b\u043e\u0433\u043e\u0432 \u043f\u0440\u0435\u0434\u043e\u0441\u0442\u0430\u0432\u043b\u044f\u0435\u0442 \u0443\u0441\u043b\u0443\u0433\u0438 \u0432 \u0441\u043e\u043e\u0442\u0432\u0435\u0442\u0441\u0442\u0432\u0438\u0438 \u0441 \u043c\u0435\u0436\u0434\u0443\u043d\u0430\u0440\u043e\u0434\u043d\u044b\u043c\u0438 \u0441\u0442\u0430\u043d\u0434\u0430\u0440\u0442\u0430\u043c\u0438 \u0432\u043e \u0432\u0441\u0435\u0445 \u043e\u0431\u043b\u0430\u0441\u0442\u044f\u0445 \u0441\u0442\u043e\u043c\u0430\u0442\u043e\u043b\u043e\u0433\u0438\u0438. \u0412 \u043a\u0430\u0447\u0435\u0441\u0442\u0432\u0435 \u00abKlinik Art\u0131\u00bb, \u043d\u0430\u0448\u0438\u043c \u043f\u0440\u0438\u043e\u0440\u0438\u0442\u0435\u0442\u043e\u043c \u0432\u0441\u0435\u0433\u0434\u0430 \u044f\u0432\u043b\u044f\u0435\u0442\u0441\u044f \u0437\u0430\u0449\u0438\u0442\u0430 \u0437\u0434\u043e\u0440\u043e\u0432\u044c\u044f \u043f\u043e\u043b\u043e\u0441\u0442\u0438 \u0440\u0442\u0430 \u0438 \u0437\u0443\u0431\u043e\u0432 \u0432 \u0441\u0432\u0435\u0442\u0435 \u0441\u043e\u0432\u0440\u0435\u043c\u0435\u043d\u043d\u044b\u0445 \u0437\u043d\u0430\u043d\u0438\u0439 \u0438 \u0441\u043e\u0432\u0440\u0435\u043c\u0435\u043d\u043d\u044b\u0445 \u0442\u0435\u0445\u043d\u043e\u043b\u043e\u0433\u0438\u0439. \u041c\u044b \u0432\u0441\u0435\u0433\u0434\u0430 \u043f\u0440\u0438\u0434\u0430\u0435\u043c \u0431\u043e\u043b\u044c\u0448\u043e\u0435 \u0437\u043d\u0430\u0447\u0435\u043d\u0438\u0435 \u043f\u0440\u0438\u043d\u0446\u0438\u043f\u0443 \u0443\u0441\u0442\u043e\u0439\u0447\u0438\u0432\u043e\u0441\u0442\u0438 \u0441 \u0438\u043d\u0434\u0438\u0432\u0438\u0434\u0443\u0430\u043b\u044c\u043d\u044b\u043c \u043f\u043e\u0434\u0445\u043e\u0434\u043e\u043c \u043a \u043b\u0435\u0447\u0435\u043d\u0438\u044e, \u043f\u0440\u043e\u0444\u0438\u043b\u0430\u043a\u0442\u0438\u0447\u0435\u0441\u043a\u0438\u043c\u0438 \u043c\u0435\u0442\u043e\u0434\u0430\u043c\u0438 \u0438 \u043a\u043e\u043d\u0442\u0440\u043e\u043b\u0435\u043c \u0434\u043b\u044f \u043e\u0431\u0435\u0441\u043f\u0435\u0447\u0435\u043d\u0438\u044f \u043a\u0430\u0447\u0435\u0441\u0442\u0432\u0435\u043d\u043d\u044b\u0445 \u043b\u0435\u0447\u0435\u0431\u043d\u044b\u0445 \u0443\u0441\u043b\u0443\u0433. \u041d\u0430\u0448\u0430 \u043a\u043b\u0438\u043d\u0438\u043a\u0430 \u0441\u0447\u0438\u0442\u0430\u0435\u0442 \u0441\u0432\u043e\u0435\u0439 \u043e\u0441\u043d\u043e\u0432\u043d\u043e\u0439 \u0446\u0435\u043b\u044c\u044e \u0443\u0434\u043e\u0432\u043b\u0435\u0442\u0432\u043e\u0440\u0435\u043d\u0438\u0435 \u043f\u043e\u0442\u0440\u0435\u0431\u043d\u043e\u0441\u0442\u0435\u0439 \u043f\u0430\u0446\u0438\u0435\u043d\u0442\u043e\u0432 \u0431\u043b\u0430\u0433\u043e\u0434\u0430\u0440\u044f \u0432\u044b\u0441\u043e\u043a\u043e\u043a\u0432\u0430\u043b\u0438\u0444\u0438\u0446\u0438\u0440\u043e\u0432\u0430\u043d\u043d\u043e\u043c\u0443 \u043f\u0435\u0440\u0441\u043e\u043d\u0430\u043b\u0443 \u0432\u0440\u0430\u0447\u0435\u0439, \u043d\u043e\u0432\u0435\u0439\u0448\u0438\u043c \u0443\u0441\u0442\u0440\u043e\u0439\u0441\u0442\u0432\u0430\u043c, \u043f\u043e\u043b\u043d\u043e\u0441\u0442\u044c\u044e \u043e\u0431\u043e\u0440\u0443\u0434\u043e\u0432\u0430\u043d\u043d\u044b\u043c \u0434\u0438\u0430\u0433\u043d\u043e\u0441\u0442\u0438\u0447\u0435\u0441\u043a\u0438\u043c \u0438 \u043b\u0435\u0447\u0435\u0431\u043d\u044b\u043c \u043e\u0442\u0434\u0435\u043b\u0435\u043d\u0438\u044f\u043c, \u0441\u043e\u0432\u0440\u0435\u043c\u0435\u043d\u043d\u043e\u0439 \u0430\u0440\u0445\u0438\u0442\u0435\u043a\u0442\u0443\u0440\u0435, \u043e\u0440\u0438\u0435\u043d\u0442\u0438\u0440\u043e\u0432\u0430\u043d\u043d\u043e\u0439 \u043d\u0430 \u0431\u0435\u0437\u043e\u043f\u0430\u0441\u043d\u043e\u0441\u0442\u044c \u043f\u0430\u0446\u0438\u0435\u043d\u0442\u043e\u0432, \u0438 \u0441\u0442\u0440\u0443\u043a\u0442\u0443\u0440\u0435, \u0441\u043f\u0440\u043e\u0435\u043a\u0442\u0438\u0440\u043e\u0432\u0430\u043d\u043d\u043e\u0439 \u0441 \u0443\u0447\u0435\u0442\u043e\u043c \u0432\u0441\u0435\u0445 \u043f\u043e\u0442\u0440\u0435\u0431\u043d\u043e\u0441\u0442\u0435\u0439 \u0433\u043e\u0441\u0442\u0435\u0439.<\/p>\n<\/div><\/div><!-- \/.sc_title -->[vc_empty_space alter_height=&#8221;huge&#8221; hide_on_desktop=&#8221;&#8221; hide_on_notebook=&#8221;&#8221; hide_on_tablet=&#8221;&#8221; hide_on_mobile=&#8221;&#8221;][vc_empty_space hide_on_desktop=&#8221;&#8221; hide_on_notebook=&#8221;&#8221; hide_on_tablet=&#8221;&#8221; hide_on_mobile=&#8221;&#8221; css=&#8221;.vc_custom_1505229416278{margin-top: 0.35rem !important;}&#8221;]<\/div><\/div><!-- \/.sc_content -->[\/vc_column][\/vc_row][vc_row full_width=&#8221;stretch_row&#8221; hide_bg_image_on_tablet=&#8221;&#8221; hide_bg_image_on_mobile=&#8221;&#8221; css=&#8221;.vc_custom_1580676724088{margin-top: 100px !important;background-color: #f4f7f7 !important;}&#8221;][vc_column][vc_empty_space alter_height=&#8221;medium&#8221; hide_on_desktop=&#8221;&#8221; hide_on_notebook=&#8221;&#8221; hide_on_tablet=&#8221;&#8221; hide_on_mobile=&#8221;&#8221; css=&#8221;.vc_custom_1505286998282{margin-top: -0.4rem !important;}&#8221;][vc_empty_space alter_height=&#8221;huge&#8221; hide_on_desktop=&#8221;&#8221; hide_on_notebook=&#8221;&#8221; hide_on_tablet=&#8221;&#8221; hide_on_mobile=&#8221;&#8221;]<div id=\"sc_title_2123525504\"\n\t\tclass=\"sc_title color_style_default sc_title_default\"><h3 class=\"sc_item_title sc_title_title sc_align_center sc_item_title_style_default\">\u041c\u044b \u0437\u0434\u0435\u0441\u044c \u0447\u0442\u043e\u0431\u044b \u043f\u043e\u043c\u043e\u0447\u044c \u0432\u0430\u043c<\/h3><h6 class=\"sc_item_subtitle sc_title_subtitle sc_align_center sc_item_title_style_default\">\u0421\u0432\u044f\u0437\u0430\u0442\u044c\u0441\u044f \u0441 \u043d\u0430\u043c\u0438<\/h6><\/div><!-- \/.sc_title -->[vc_empty_space alter_height=&#8221;medium&#8221; hide_on_desktop=&#8221;&#8221; hide_on_notebook=&#8221;&#8221; hide_on_tablet=&#8221;&#8221; hide_on_mobile=&#8221;&#8221; css=&#8221;.vc_custom_1505287026469{margin-top: 0.8rem !important;}&#8221;]<div id=\"sc_icons_1888159659\" \n\tclass=\"sc_icons sc_icons_default sc_icons_size_small sc_align_center\"><div class=\"sc_icons_columns_wrap sc_item_columns trx_addons_columns_wrap columns_padding_bottom\"><div class=\"trx_addons_column-1_4\"><div class=\"sc_icons_item\"><div id=\"sc_icons_1888159659_icon-icon7\" class=\"sc_icons_icon sc_icon_type_ icon-icon7\"\n\t\t\t\t\t\t\t\t\t\t\t\t><span class=\"sc_icon_type_ icon-icon7\"><\/span><\/div><div class=\"sc_icons_item_description\"><span>Kartaltepe Mh. Uzun Sk. No:2<\/span><span>Sefak\u00f6y \u2013 K\u00fc\u00e7\u00fck\u00e7ekmece\/\u0130stanbul<\/span><\/div><\/div><\/div><div class=\"trx_addons_column-1_4\"><div class=\"sc_icons_item sc_icons_item_linked\"><div id=\"sc_icons_1888159659_icon-icon8\" class=\"sc_icons_icon sc_icon_type_ icon-icon8\"\n\t\t\t\t\t\t\t\t\t\t\t\t><span class=\"sc_icon_type_ icon-icon8\"><\/span><\/div><div class=\"sc_icons_item_description\"><span>0(212) 541 4 541<\/span><\/div><a href=\"tel:02125414541\" class=\"sc_icons_item_link\"><\/a><\/div><\/div><div class=\"trx_addons_column-1_4\"><div class=\"sc_icons_item sc_icons_item_linked\"><div id=\"sc_icons_1888159659_icon-icon9\" class=\"sc_icons_icon sc_icon_type_ icon-icon9\"\n\t\t\t\t\t\t\t\t\t\t\t\t><span class=\"sc_icon_type_ icon-icon9\"><\/span><\/div><div class=\"sc_icons_item_description\"><span>info@klinikarti.com<\/span><\/div><a href=\"mailto:info@klinikarti.com\" class=\"sc_icons_item_link\"><\/a><\/div><\/div><div class=\"trx_addons_column-1_4\"><div class=\"sc_icons_item\"><div id=\"sc_icons_1888159659_icon-icon10\" class=\"sc_icons_icon sc_icon_type_ icon-icon10\"\n\t\t\t\t\t\t\t\t\t\t\t\t><span class=\"sc_icon_type_ icon-icon10\"><\/span><\/div><div class=\"sc_icons_item_description\"><span>09.30 \u2013 21.30<\/span><\/div><\/div><\/div><\/div><\/div><!-- \/.sc_icons -->[vc_empty_space hide_on_desktop=&#8221;&#8221; hide_on_notebook=&#8221;&#8221; hide_on_tablet=&#8221;&#8221; hide_on_mobile=&#8221;&#8221;][vc_empty_space alter_height=&#8221;huge&#8221; hide_on_desktop=&#8221;&#8221; hide_on_notebook=&#8221;&#8221; hide_on_tablet=&#8221;&#8221; hide_on_mobile=&#8221;&#8221;][\/vc_column][\/vc_row]<\/p>\n","protected":false},"excerpt":{"rendered":"<p>[vc_row full_width=&#8221;stretch_row_content_no_spaces&#8221; equal_height=&#8221;yes&#8221; hide_bg_image_on_tablet=&#8221;&#8221; hide_bg_image_on_mobile=&#8221;&#8221; css=&#8221;.vc_custom_1580676729707{margin-top: 100px !important;}&#8221;][vc_column width=&#8221;5\/12&#8243; hide_bg_image_on_tablet=&#8221;&#8221; hide_bg_image_on_mobile=&#8221;&#8221; css=&#8221;.vc_custom_1580676633644{background-image: url(https:\/\/klinikarti.com\/ru\/wp-content\/uploads\/2020\/02\/klinikarti-banner-_0003_3.jpg?id=1346) !important;background-position: center !important;background-repeat: no-repeat !important;background-size: cover !important;}&#8221; offset=&#8221;vc_hidden-xs&#8221;][\/vc_column][vc_column width=&#8221;1\/2&#8243; offset=&#8221;vc_col-md-7 vc_col-sm-offset-0 vc_col-xs-offset-1 vc_col-xs-10&#8243;][\/vc_column][\/vc_row][vc_row full_width=&#8221;stretch_row&#8221; hide_bg_image_on_tablet=&#8221;&#8221; hide_bg_image_on_mobile=&#8221;&#8221; css=&#8221;.vc_custom_1580676724088{margin-top: 100px !important;background-color: #f4f7f7 !important;}&#8221;][vc_column][vc_empty_space alter_height=&#8221;medium&#8221; hide_on_desktop=&#8221;&#8221; hide_on_notebook=&#8221;&#8221; hide_on_tablet=&#8221;&#8221; hide_on_mobile=&#8221;&#8221; css=&#8221;.vc_custom_1505286998282{margin-top: -0.4rem !important;}&#8221;][vc_empty_space alter_height=&#8221;huge&#8221; hide_on_desktop=&#8221;&#8221; hide_on_notebook=&#8221;&#8221; hide_on_tablet=&#8221;&#8221; hide_on_mobile=&#8221;&#8221;][vc_empty_space alter_height=&#8221;medium&#8221; hide_on_desktop=&#8221;&#8221; hide_on_notebook=&#8221;&#8221; hide_on_tablet=&#8221;&#8221; hide_on_mobile=&#8221;&#8221; css=&#8221;.vc_custom_1505287026469{margin-top: 0.8rem !important;}&#8221;][vc_empty_space hide_on_desktop=&#8221;&#8221; hide_on_notebook=&#8221;&#8221; hide_on_tablet=&#8221;&#8221; hide_on_mobile=&#8221;&#8221;][vc_empty_space alter_height=&#8221;huge&#8221;&hellip;<\/p>\n","protected":false},"author":1,"featured_media":0,"parent":0,"menu_order":0,"comment_status":"closed","ping_status":"closed","template":"","meta":{"footnotes":""},"class_list":["post-34","page","type-page","status-publish","hentry"],"yoast_head":"<!-- This site is optimized with the Yoast SEO plugin v24.8.1 - https:\/\/yoast.com\/wordpress\/plugins\/seo\/ -->\n<title>\u041e \u043d\u0430\u0441 | \u041a\u043b\u0438\u043d\u0438\u043a\u0430 \u041f\u043b\u044e\u0441 - \u0421\u0442\u043e\u043c\u0430\u0442\u043e\u043b\u043e\u0433\u0438\u0447\u0435\u0441\u043a\u0430\u044f \u043a\u043b\u0438\u043d\u0438\u043a\u0430 \u041a\u0443\u0447\u0443\u043a\u0447\u0435\u043a\u043c\u0435\u0434\u0436\u0435<\/title>\n<meta name=\"description\" content=\"\u0421\u0432\u044f\u0436\u0438\u0442\u0435\u0441\u044c \u0441 \u043d\u0430\u043c\u0438 \u0441\u0435\u0439\u0447\u0430\u0441 \u0438 \u043f\u043e\u043b\u0443\u0447\u0438\u0442\u0435 \u0438\u043d\u0444\u043e\u0440\u043c\u0430\u0446\u0438\u044e \u043e \u0441\u043f\u0435\u0446\u0438\u0430\u043b\u044c\u043d\u044b\u0445 \u043c\u0435\u0442\u043e\u0434\u0430\u0445 \u043b\u0435\u0447\u0435\u043d\u0438\u044f \u043d\u0430\u0448\u0438\u0445 \u043e\u043f\u044b\u0442\u043d\u044b\u0445 \u0441\u0442\u043e\u043c\u0430\u0442\u043e\u043b\u043e\u0433\u043e\u0432. | \u041a\u043b\u0438\u043d\u0438\u043a\u0430 \u041f\u043b\u044e\u0441 - \u0421\u0442\u043e\u043c\u0430\u0442\u043e\u043b\u043e\u0433\u0438\u0447\u0435\u0441\u043a\u0430\u044f \u043a\u043b\u0438\u043d\u0438\u043a\u0430 \u041a\u0443\u0447\u0443\u043a\u0447\u0435\u043a\u043c\u0435\u0434\u0436\u0435\" \/>\n<meta name=\"robots\" content=\"index, follow, max-snippet:-1, max-image-preview:large, max-video-preview:-1\" \/>\n<link rel=\"canonical\" href=\"https:\/\/klinikarti.com\/ru\/about-us\/\" \/>\n<meta property=\"og:locale\" content=\"en_US\" \/>\n<meta property=\"og:type\" content=\"article\" \/>\n<meta property=\"og:title\" content=\"\u041e \u043d\u0430\u0441 | \u041a\u043b\u0438\u043d\u0438\u043a\u0430 \u041f\u043b\u044e\u0441 - \u0421\u0442\u043e\u043c\u0430\u0442\u043e\u043b\u043e\u0433\u0438\u0447\u0435\u0441\u043a\u0430\u044f \u043a\u043b\u0438\u043d\u0438\u043a\u0430 \u041a\u0443\u0447\u0443\u043a\u0447\u0435\u043a\u043c\u0435\u0434\u0436\u0435\" \/>\n<meta property=\"og:description\" content=\"\u0421\u0432\u044f\u0436\u0438\u0442\u0435\u0441\u044c \u0441 \u043d\u0430\u043c\u0438 \u0441\u0435\u0439\u0447\u0430\u0441 \u0438 \u043f\u043e\u043b\u0443\u0447\u0438\u0442\u0435 \u0438\u043d\u0444\u043e\u0440\u043c\u0430\u0446\u0438\u044e \u043e \u0441\u043f\u0435\u0446\u0438\u0430\u043b\u044c\u043d\u044b\u0445 \u043c\u0435\u0442\u043e\u0434\u0430\u0445 \u043b\u0435\u0447\u0435\u043d\u0438\u044f \u043d\u0430\u0448\u0438\u0445 \u043e\u043f\u044b\u0442\u043d\u044b\u0445 \u0441\u0442\u043e\u043c\u0430\u0442\u043e\u043b\u043e\u0433\u043e\u0432. | \u041a\u043b\u0438\u043d\u0438\u043a\u0430 \u041f\u043b\u044e\u0441 - \u0421\u0442\u043e\u043c\u0430\u0442\u043e\u043b\u043e\u0433\u0438\u0447\u0435\u0441\u043a\u0430\u044f \u043a\u043b\u0438\u043d\u0438\u043a\u0430 \u041a\u0443\u0447\u0443\u043a\u0447\u0435\u043a\u043c\u0435\u0434\u0436\u0435\" \/>\n<meta property=\"og:url\" content=\"https:\/\/klinikarti.com\/ru\/about-us\/\" \/>\n<meta property=\"og:site_name\" content=\"Klinik Art\u0131\" \/>\n<meta property=\"article:modified_time\" content=\"2022-01-25T07:24:33+00:00\" \/>\n<meta name=\"twitter:card\" content=\"summary_large_image\" \/>\n<meta name=\"twitter:label1\" content=\"Est. reading time\" \/>\n\t<meta name=\"twitter:data1\" content=\"2 minutes\" \/>\n<script type=\"application\/ld+json\" class=\"yoast-schema-graph\">{\"@context\":\"https:\/\/schema.org\",\"@graph\":[{\"@type\":\"WebPage\",\"@id\":\"https:\/\/klinikarti.com\/ru\/about-us\/\",\"url\":\"https:\/\/klinikarti.com\/ru\/about-us\/\",\"name\":\"\u041e \u043d\u0430\u0441 | \u041a\u043b\u0438\u043d\u0438\u043a\u0430 \u041f\u043b\u044e\u0441 - \u0421\u0442\u043e\u043c\u0430\u0442\u043e\u043b\u043e\u0433\u0438\u0447\u0435\u0441\u043a\u0430\u044f \u043a\u043b\u0438\u043d\u0438\u043a\u0430 \u041a\u0443\u0447\u0443\u043a\u0447\u0435\u043a\u043c\u0435\u0434\u0436\u0435\",\"isPartOf\":{\"@id\":\"https:\/\/klinikarti.com\/ru\/#website\"},\"datePublished\":\"2017-07-04T05:11:54+00:00\",\"dateModified\":\"2022-01-25T07:24:33+00:00\",\"description\":\"\u0421\u0432\u044f\u0436\u0438\u0442\u0435\u0441\u044c \u0441 \u043d\u0430\u043c\u0438 \u0441\u0435\u0439\u0447\u0430\u0441 \u0438 \u043f\u043e\u043b\u0443\u0447\u0438\u0442\u0435 \u0438\u043d\u0444\u043e\u0440\u043c\u0430\u0446\u0438\u044e \u043e \u0441\u043f\u0435\u0446\u0438\u0430\u043b\u044c\u043d\u044b\u0445 \u043c\u0435\u0442\u043e\u0434\u0430\u0445 \u043b\u0435\u0447\u0435\u043d\u0438\u044f \u043d\u0430\u0448\u0438\u0445 \u043e\u043f\u044b\u0442\u043d\u044b\u0445 \u0441\u0442\u043e\u043c\u0430\u0442\u043e\u043b\u043e\u0433\u043e\u0432. | \u041a\u043b\u0438\u043d\u0438\u043a\u0430 \u041f\u043b\u044e\u0441 - \u0421\u0442\u043e\u043c\u0430\u0442\u043e\u043b\u043e\u0433\u0438\u0447\u0435\u0441\u043a\u0430\u044f \u043a\u043b\u0438\u043d\u0438\u043a\u0430 \u041a\u0443\u0447\u0443\u043a\u0447\u0435\u043a\u043c\u0435\u0434\u0436\u0435\",\"breadcrumb\":{\"@id\":\"https:\/\/klinikarti.com\/ru\/about-us\/#breadcrumb\"},\"inLanguage\":\"en-US\",\"potentialAction\":[{\"@type\":\"ReadAction\",\"target\":[\"https:\/\/klinikarti.com\/ru\/about-us\/\"]}]},{\"@type\":\"BreadcrumbList\",\"@id\":\"https:\/\/klinikarti.com\/ru\/about-us\/#breadcrumb\",\"itemListElement\":[{\"@type\":\"ListItem\",\"position\":1,\"name\":\"Ana sayfa\",\"item\":\"https:\/\/klinikarti.com\/ru\/\"},{\"@type\":\"ListItem\",\"position\":2,\"name\":\"\u041e \u043d\u0430\u0441\"}]},{\"@type\":\"WebSite\",\"@id\":\"https:\/\/klinikarti.com\/ru\/#website\",\"url\":\"https:\/\/klinikarti.com\/ru\/\",\"name\":\"Klinik Art\u0131\",\"description\":\"\u0421\u0442\u043e\u043c\u0430\u0442\u043e\u043b\u043e\u0433\u0438\u0447\u0435\u0441\u043a\u0430\u044f \u043a\u043b\u0438\u043d\u0438\u043a\u0430\",\"potentialAction\":[{\"@type\":\"SearchAction\",\"target\":{\"@type\":\"EntryPoint\",\"urlTemplate\":\"https:\/\/klinikarti.com\/ru\/?s={search_term_string}\"},\"query-input\":{\"@type\":\"PropertyValueSpecification\",\"valueRequired\":true,\"valueName\":\"search_term_string\"}}],\"inLanguage\":\"en-US\"}]}<\/script>\n<!-- \/ Yoast SEO plugin. -->","yoast_head_json":{"title":"\u041e \u043d\u0430\u0441 | \u041a\u043b\u0438\u043d\u0438\u043a\u0430 \u041f\u043b\u044e\u0441 - \u0421\u0442\u043e\u043c\u0430\u0442\u043e\u043b\u043e\u0433\u0438\u0447\u0435\u0441\u043a\u0430\u044f \u043a\u043b\u0438\u043d\u0438\u043a\u0430 \u041a\u0443\u0447\u0443\u043a\u0447\u0435\u043a\u043c\u0435\u0434\u0436\u0435","description":"\u0421\u0432\u044f\u0436\u0438\u0442\u0435\u0441\u044c \u0441 \u043d\u0430\u043c\u0438 \u0441\u0435\u0439\u0447\u0430\u0441 \u0438 \u043f\u043e\u043b\u0443\u0447\u0438\u0442\u0435 \u0438\u043d\u0444\u043e\u0440\u043c\u0430\u0446\u0438\u044e \u043e \u0441\u043f\u0435\u0446\u0438\u0430\u043b\u044c\u043d\u044b\u0445 \u043c\u0435\u0442\u043e\u0434\u0430\u0445 \u043b\u0435\u0447\u0435\u043d\u0438\u044f \u043d\u0430\u0448\u0438\u0445 \u043e\u043f\u044b\u0442\u043d\u044b\u0445 \u0441\u0442\u043e\u043c\u0430\u0442\u043e\u043b\u043e\u0433\u043e\u0432. | \u041a\u043b\u0438\u043d\u0438\u043a\u0430 \u041f\u043b\u044e\u0441 - \u0421\u0442\u043e\u043c\u0430\u0442\u043e\u043b\u043e\u0433\u0438\u0447\u0435\u0441\u043a\u0430\u044f \u043a\u043b\u0438\u043d\u0438\u043a\u0430 \u041a\u0443\u0447\u0443\u043a\u0447\u0435\u043a\u043c\u0435\u0434\u0436\u0435","robots":{"index":"index","follow":"follow","max-snippet":"max-snippet:-1","max-image-preview":"max-image-preview:large","max-video-preview":"max-video-preview:-1"},"canonical":"https:\/\/klinikarti.com\/ru\/about-us\/","og_locale":"en_US","og_type":"article","og_title":"\u041e \u043d\u0430\u0441 | \u041a\u043b\u0438\u043d\u0438\u043a\u0430 \u041f\u043b\u044e\u0441 - \u0421\u0442\u043e\u043c\u0430\u0442\u043e\u043b\u043e\u0433\u0438\u0447\u0435\u0441\u043a\u0430\u044f \u043a\u043b\u0438\u043d\u0438\u043a\u0430 \u041a\u0443\u0447\u0443\u043a\u0447\u0435\u043a\u043c\u0435\u0434\u0436\u0435","og_description":"\u0421\u0432\u044f\u0436\u0438\u0442\u0435\u0441\u044c \u0441 \u043d\u0430\u043c\u0438 \u0441\u0435\u0439\u0447\u0430\u0441 \u0438 \u043f\u043e\u043b\u0443\u0447\u0438\u0442\u0435 \u0438\u043d\u0444\u043e\u0440\u043c\u0430\u0446\u0438\u044e \u043e \u0441\u043f\u0435\u0446\u0438\u0430\u043b\u044c\u043d\u044b\u0445 \u043c\u0435\u0442\u043e\u0434\u0430\u0445 \u043b\u0435\u0447\u0435\u043d\u0438\u044f \u043d\u0430\u0448\u0438\u0445 \u043e\u043f\u044b\u0442\u043d\u044b\u0445 \u0441\u0442\u043e\u043c\u0430\u0442\u043e\u043b\u043e\u0433\u043e\u0432. | \u041a\u043b\u0438\u043d\u0438\u043a\u0430 \u041f\u043b\u044e\u0441 - \u0421\u0442\u043e\u043c\u0430\u0442\u043e\u043b\u043e\u0433\u0438\u0447\u0435\u0441\u043a\u0430\u044f \u043a\u043b\u0438\u043d\u0438\u043a\u0430 \u041a\u0443\u0447\u0443\u043a\u0447\u0435\u043a\u043c\u0435\u0434\u0436\u0435","og_url":"https:\/\/klinikarti.com\/ru\/about-us\/","og_site_name":"Klinik Art\u0131","article_modified_time":"2022-01-25T07:24:33+00:00","twitter_card":"summary_large_image","twitter_misc":{"Est. reading time":"2 minutes"},"schema":{"@context":"https:\/\/schema.org","@graph":[{"@type":"WebPage","@id":"https:\/\/klinikarti.com\/ru\/about-us\/","url":"https:\/\/klinikarti.com\/ru\/about-us\/","name":"\u041e \u043d\u0430\u0441 | \u041a\u043b\u0438\u043d\u0438\u043a\u0430 \u041f\u043b\u044e\u0441 - \u0421\u0442\u043e\u043c\u0430\u0442\u043e\u043b\u043e\u0433\u0438\u0447\u0435\u0441\u043a\u0430\u044f \u043a\u043b\u0438\u043d\u0438\u043a\u0430 \u041a\u0443\u0447\u0443\u043a\u0447\u0435\u043a\u043c\u0435\u0434\u0436\u0435","isPartOf":{"@id":"https:\/\/klinikarti.com\/ru\/#website"},"datePublished":"2017-07-04T05:11:54+00:00","dateModified":"2022-01-25T07:24:33+00:00","description":"\u0421\u0432\u044f\u0436\u0438\u0442\u0435\u0441\u044c \u0441 \u043d\u0430\u043c\u0438 \u0441\u0435\u0439\u0447\u0430\u0441 \u0438 \u043f\u043e\u043b\u0443\u0447\u0438\u0442\u0435 \u0438\u043d\u0444\u043e\u0440\u043c\u0430\u0446\u0438\u044e \u043e \u0441\u043f\u0435\u0446\u0438\u0430\u043b\u044c\u043d\u044b\u0445 \u043c\u0435\u0442\u043e\u0434\u0430\u0445 \u043b\u0435\u0447\u0435\u043d\u0438\u044f \u043d\u0430\u0448\u0438\u0445 \u043e\u043f\u044b\u0442\u043d\u044b\u0445 \u0441\u0442\u043e\u043c\u0430\u0442\u043e\u043b\u043e\u0433\u043e\u0432. | \u041a\u043b\u0438\u043d\u0438\u043a\u0430 \u041f\u043b\u044e\u0441 - \u0421\u0442\u043e\u043c\u0430\u0442\u043e\u043b\u043e\u0433\u0438\u0447\u0435\u0441\u043a\u0430\u044f \u043a\u043b\u0438\u043d\u0438\u043a\u0430 \u041a\u0443\u0447\u0443\u043a\u0447\u0435\u043a\u043c\u0435\u0434\u0436\u0435","breadcrumb":{"@id":"https:\/\/klinikarti.com\/ru\/about-us\/#breadcrumb"},"inLanguage":"en-US","potentialAction":[{"@type":"ReadAction","target":["https:\/\/klinikarti.com\/ru\/about-us\/"]}]},{"@type":"BreadcrumbList","@id":"https:\/\/klinikarti.com\/ru\/about-us\/#breadcrumb","itemListElement":[{"@type":"ListItem","position":1,"name":"Ana sayfa","item":"https:\/\/klinikarti.com\/ru\/"},{"@type":"ListItem","position":2,"name":"\u041e \u043d\u0430\u0441"}]},{"@type":"WebSite","@id":"https:\/\/klinikarti.com\/ru\/#website","url":"https:\/\/klinikarti.com\/ru\/","name":"Klinik Art\u0131","description":"\u0421\u0442\u043e\u043c\u0430\u0442\u043e\u043b\u043e\u0433\u0438\u0447\u0435\u0441\u043a\u0430\u044f \u043a\u043b\u0438\u043d\u0438\u043a\u0430","potentialAction":[{"@type":"SearchAction","target":{"@type":"EntryPoint","urlTemplate":"https:\/\/klinikarti.com\/ru\/?s={search_term_string}"},"query-input":{"@type":"PropertyValueSpecification","valueRequired":true,"valueName":"search_term_string"}}],"inLanguage":"en-US"}]}},"_links":{"self":[{"href":"https:\/\/klinikarti.com\/ru\/wp-json\/wp\/v2\/pages\/34","targetHints":{"allow":["GET"]}}],"collection":[{"href":"https:\/\/klinikarti.com\/ru\/wp-json\/wp\/v2\/pages"}],"about":[{"href":"https:\/\/klinikarti.com\/ru\/wp-json\/wp\/v2\/types\/page"}],"author":[{"embeddable":true,"href":"https:\/\/klinikarti.com\/ru\/wp-json\/wp\/v2\/users\/1"}],"replies":[{"embeddable":true,"href":"https:\/\/klinikarti.com\/ru\/wp-json\/wp\/v2\/comments?post=34"}],"version-history":[{"count":5,"href":"https:\/\/klinikarti.com\/ru\/wp-json\/wp\/v2\/pages\/34\/revisions"}],"predecessor-version":[{"id":4197,"href":"https:\/\/klinikarti.com\/ru\/wp-json\/wp\/v2\/pages\/34\/revisions\/4197"}],"wp:attachment":[{"href":"https:\/\/klinikarti.com\/ru\/wp-json\/wp\/v2\/media?parent=34"}],"curies":[{"name":"wp","href":"https:\/\/api.w.org\/{rel}","templated":true}]}}